{"id":989443,"date":"2024-04-27T23:45:53","date_gmt":"2024-04-27T21:45:53","guid":{"rendered":"https:\/\/joieriasunyer.com\/producto\/arracades-dos-cercols-mobils-dor-blanc-de-18k-i-perla-australiana-de-xx-mm\/"},"modified":"2025-02-03T08:57:33","modified_gmt":"2025-02-03T07:57:33","slug":"arracades-dos-cercols-mobils-dor-blanc-de-18k-i-perla-australiana-de-xx-mm","status":"publish","type":"product","link":"https:\/\/joieriasunyer.com\/ca\/producto\/arracades-dos-cercols-mobils-dor-blanc-de-18k-i-perla-australiana-de-xx-mm\/","title":{"rendered":"Arracades d&#8217;or groc de 18K cadascun amb 1 perla australiana de 15 mm de di\u00e0metre. Tancament de pressi\u00f3 n\u00famero 5"},"content":{"rendered":"<div class=\"row\">\n<div class=\"col\">\n<ul class=\"arisua-attributes\">\n<li><span class=\"attribute-values color-principal\"><span class=\"label\">Color Principal:<\/span> Daurat<\/span><\/li>\n<li>Materials: Or i perla australiana<\/li>\n<\/ul>\n<\/div>\n<\/div>\n","protected":false},"excerpt":{"rendered":"<p>Color Principal: Daurat Materials: Or i perla australiana<\/p>\n","protected":false},"featured_media":988934,"comment_status":"closed","ping_status":"closed","template":"","meta":[],"product_brand":[],"product_cat":[293],"product_tag":[240],"class_list":{"0":"post-989443","1":"product","2":"type-product","3":"status-publish","4":"has-post-thumbnail","6":"product_cat-arracades","7":"product_tag-arracades","8":"pa_material-principal-or","9":"pa_tipo-de-piedra-perla-australiana-ca","11":"first","12":"instock","13":"taxable","14":"shipping-taxable","15":"purchasable","16":"product-type-simple"},"_links":{"self":[{"href":"https:\/\/joieriasunyer.com\/ca\/wp-json\/wp\/v2\/product\/989443","targetHints":{"allow":["GET"]}}],"collection":[{"href":"https:\/\/joieriasunyer.com\/ca\/wp-json\/wp\/v2\/product"}],"about":[{"href":"https:\/\/joieriasunyer.com\/ca\/wp-json\/wp\/v2\/types\/product"}],"replies":[{"embeddable":true,"href":"https:\/\/joieriasunyer.com\/ca\/wp-json\/wp\/v2\/comments?post=989443"}],"wp:featuredmedia":[{"embeddable":true,"href":"https:\/\/joieriasunyer.com\/ca\/wp-json\/wp\/v2\/media\/988934"}],"wp:attachment":[{"href":"https:\/\/joieriasunyer.com\/ca\/wp-json\/wp\/v2\/media?parent=989443"}],"wp:term":[{"taxonomy":"product_brand","embeddable":true,"href":"https:\/\/joieriasunyer.com\/ca\/wp-json\/wp\/v2\/product_brand?post=989443"},{"taxonomy":"product_cat","embeddable":true,"href":"https:\/\/joieriasunyer.com\/ca\/wp-json\/wp\/v2\/product_cat?post=989443"},{"taxonomy":"product_tag","embeddable":true,"href":"https:\/\/joieriasunyer.com\/ca\/wp-json\/wp\/v2\/product_tag?post=989443"}],"curies":[{"name":"wp","href":"https:\/\/api.w.org\/{rel}","templated":true}]}}