{"id":989469,"date":"2024-04-27T23:45:52","date_gmt":"2024-04-27T21:45:52","guid":{"rendered":"https:\/\/joieriasunyer.com\/producto\/arracades-sindria-dor-de-18k-amb-turmalines\/"},"modified":"2025-02-03T08:58:00","modified_gmt":"2025-02-03T07:58:00","slug":"arracades-sindria-dor-de-18k-amb-turmalines","status":"publish","type":"product","link":"https:\/\/joieriasunyer.com\/ca\/producto\/arracades-sindria-dor-de-18k-amb-turmalines\/","title":{"rendered":"Arracades d&#8217;or groc de 18K cadascun amb 3 turmalines s\u00edndria dicroica i planxa d&#8217;or groc de 18K. Tancament de pressi\u00f3 n\u00famero 5"},"content":{"rendered":"<div class=\"row\">\n<div class=\"col\">\n<ul class=\"arisua-attributes\">\n<li><span class=\"attribute-values color-principal\"><span class=\"label\">Color Principal:<\/span> Daurat i rosa<\/span><\/li>\n<li>Materials: Or i turmalina rosa<\/li>\n<\/ul>\n<\/div>\n<\/div>\n<p>&nbsp;<\/p>\n","protected":false},"excerpt":{"rendered":"<p>Color Principal: Daurat i rosa Materials: Or i turmalina rosa &nbsp;<\/p>\n","protected":false},"featured_media":990474,"comment_status":"closed","ping_status":"closed","template":"","meta":[],"product_brand":[],"product_cat":[293],"product_tag":[240,265],"class_list":{"0":"post-989469","1":"product","2":"type-product","3":"status-publish","4":"has-post-thumbnail","6":"product_cat-arracades","7":"product_tag-arracades","8":"product_tag-peca-unica","9":"pa_material-principal-or","10":"pa_tipo-de-piedra-turmalina-ca","12":"first","13":"instock","14":"taxable","15":"shipping-taxable","16":"purchasable","17":"product-type-simple"},"_links":{"self":[{"href":"https:\/\/joieriasunyer.com\/ca\/wp-json\/wp\/v2\/product\/989469","targetHints":{"allow":["GET"]}}],"collection":[{"href":"https:\/\/joieriasunyer.com\/ca\/wp-json\/wp\/v2\/product"}],"about":[{"href":"https:\/\/joieriasunyer.com\/ca\/wp-json\/wp\/v2\/types\/product"}],"replies":[{"embeddable":true,"href":"https:\/\/joieriasunyer.com\/ca\/wp-json\/wp\/v2\/comments?post=989469"}],"wp:featuredmedia":[{"embeddable":true,"href":"https:\/\/joieriasunyer.com\/ca\/wp-json\/wp\/v2\/media\/990474"}],"wp:attachment":[{"href":"https:\/\/joieriasunyer.com\/ca\/wp-json\/wp\/v2\/media?parent=989469"}],"wp:term":[{"taxonomy":"product_brand","embeddable":true,"href":"https:\/\/joieriasunyer.com\/ca\/wp-json\/wp\/v2\/product_brand?post=989469"},{"taxonomy":"product_cat","embeddable":true,"href":"https:\/\/joieriasunyer.com\/ca\/wp-json\/wp\/v2\/product_cat?post=989469"},{"taxonomy":"product_tag","embeddable":true,"href":"https:\/\/joieriasunyer.com\/ca\/wp-json\/wp\/v2\/product_tag?post=989469"}],"curies":[{"name":"wp","href":"https:\/\/api.w.org\/{rel}","templated":true}]}}