{"id":989472,"date":"2024-04-27T23:45:52","date_gmt":"2024-04-27T21:45:52","guid":{"rendered":"https:\/\/joieriasunyer.com\/producto\/arracades-boto-dor-blanc-de-18k-amb-turmalina-verda-i-perla-de-tahiti-de-xx-mm\/"},"modified":"2025-02-03T08:57:58","modified_gmt":"2025-02-03T07:57:58","slug":"arracades-boto-dor-blanc-de-18k-amb-turmalina-verda-i-perla-de-tahiti-de-xx-mm","status":"publish","type":"product","link":"https:\/\/joieriasunyer.com\/ca\/producto\/arracades-boto-dor-blanc-de-18k-amb-turmalina-verda-i-perla-de-tahiti-de-xx-mm\/","title":{"rendered":"Arracades d&#8217;or blanc de 18K cadascun amb una perla Tahit\u00ed de 13mm i una turmalina verda oval de 10 x 8 mm. Tancament de pressi\u00f3 n\u00famero 5"},"content":{"rendered":"<div class=\"row\">\n<div class=\"col\">\n<ul class=\"arisua-attributes\">\n<li><span class=\"attribute-values color-principal\"><span class=\"label\">Color Principal:<\/span> Platejat i verd<\/span><\/li>\n<li>Materials: Or blanc i turmalina<\/li>\n<\/ul>\n<\/div>\n<\/div>\n","protected":false},"excerpt":{"rendered":"<p>Color Principal: Platejat i verd Materials: Or blanc i turmalina<\/p>\n","protected":false},"featured_media":988888,"comment_status":"closed","ping_status":"closed","template":"","meta":[],"product_brand":[],"product_cat":[293],"product_tag":[240],"class_list":{"0":"post-989472","1":"product","2":"type-product","3":"status-publish","4":"has-post-thumbnail","6":"product_cat-arracades","7":"product_tag-arracades","8":"pa_material-principal-or-blanc","10":"first","11":"instock","12":"taxable","13":"shipping-taxable","14":"purchasable","15":"product-type-simple"},"_links":{"self":[{"href":"https:\/\/joieriasunyer.com\/ca\/wp-json\/wp\/v2\/product\/989472","targetHints":{"allow":["GET"]}}],"collection":[{"href":"https:\/\/joieriasunyer.com\/ca\/wp-json\/wp\/v2\/product"}],"about":[{"href":"https:\/\/joieriasunyer.com\/ca\/wp-json\/wp\/v2\/types\/product"}],"replies":[{"embeddable":true,"href":"https:\/\/joieriasunyer.com\/ca\/wp-json\/wp\/v2\/comments?post=989472"}],"wp:featuredmedia":[{"embeddable":true,"href":"https:\/\/joieriasunyer.com\/ca\/wp-json\/wp\/v2\/media\/988888"}],"wp:attachment":[{"href":"https:\/\/joieriasunyer.com\/ca\/wp-json\/wp\/v2\/media?parent=989472"}],"wp:term":[{"taxonomy":"product_brand","embeddable":true,"href":"https:\/\/joieriasunyer.com\/ca\/wp-json\/wp\/v2\/product_brand?post=989472"},{"taxonomy":"product_cat","embeddable":true,"href":"https:\/\/joieriasunyer.com\/ca\/wp-json\/wp\/v2\/product_cat?post=989472"},{"taxonomy":"product_tag","embeddable":true,"href":"https:\/\/joieriasunyer.com\/ca\/wp-json\/wp\/v2\/product_tag?post=989472"}],"curies":[{"name":"wp","href":"https:\/\/api.w.org\/{rel}","templated":true}]}}