{"id":989476,"date":"2024-04-27T23:45:52","date_gmt":"2024-04-27T21:45:52","guid":{"rendered":"https:\/\/joieriasunyer.com\/producto\/arracades-mart-dor-blanc-perla-de-tahiti-i-diamant-de-18k\/"},"modified":"2025-02-03T08:58:01","modified_gmt":"2025-02-03T07:58:01","slug":"arracades-mart-dor-blanc-perla-de-tahiti-i-diamant-de-18k","status":"publish","type":"product","link":"https:\/\/joieriasunyer.com\/ca\/producto\/arracades-mart-dor-blanc-perla-de-tahiti-i-diamant-de-18k\/","title":{"rendered":"Arracades d&#8217;or blanc de 18K cadascuna amb una perla tahit\u00ed de 14 mm de di\u00e0metre i un diamant talla brillant de 0,20 ct. Top Wesselton, tanca pressi\u00f3 n\u00famero 5"},"content":{"rendered":"<p class=\"attributesTitle\">\n<div class=\"row\">\n<div class=\"col\">\n<ul class=\"arisua-attributes\">\n<li><span class=\"attribute-values color-principal\"><span class=\"label\">Color Principal:<\/span> Daurat i platejat<\/span><\/li>\n<li>Materials: Or, perla de Tahit\u00ed i brillants<\/li>\n<\/ul>\n<\/div>\n<\/div>\n<p>&nbsp;<\/p>\n","protected":false},"excerpt":{"rendered":"<p>Color Principal: Daurat i platejat Materials: Or, perla de Tahit\u00ed i brillants &nbsp;<\/p>\n","protected":false},"featured_media":988886,"comment_status":"closed","ping_status":"closed","template":"","meta":[],"product_brand":[],"product_cat":[293],"product_tag":[240],"class_list":{"0":"post-989476","1":"product","2":"type-product","3":"status-publish","4":"has-post-thumbnail","6":"product_cat-arracades","7":"product_tag-arracades","8":"pa_material-principal-or-blanc","10":"first","11":"instock","12":"taxable","13":"shipping-taxable","14":"purchasable","15":"product-type-simple"},"_links":{"self":[{"href":"https:\/\/joieriasunyer.com\/ca\/wp-json\/wp\/v2\/product\/989476","targetHints":{"allow":["GET"]}}],"collection":[{"href":"https:\/\/joieriasunyer.com\/ca\/wp-json\/wp\/v2\/product"}],"about":[{"href":"https:\/\/joieriasunyer.com\/ca\/wp-json\/wp\/v2\/types\/product"}],"replies":[{"embeddable":true,"href":"https:\/\/joieriasunyer.com\/ca\/wp-json\/wp\/v2\/comments?post=989476"}],"wp:featuredmedia":[{"embeddable":true,"href":"https:\/\/joieriasunyer.com\/ca\/wp-json\/wp\/v2\/media\/988886"}],"wp:attachment":[{"href":"https:\/\/joieriasunyer.com\/ca\/wp-json\/wp\/v2\/media?parent=989476"}],"wp:term":[{"taxonomy":"product_brand","embeddable":true,"href":"https:\/\/joieriasunyer.com\/ca\/wp-json\/wp\/v2\/product_brand?post=989476"},{"taxonomy":"product_cat","embeddable":true,"href":"https:\/\/joieriasunyer.com\/ca\/wp-json\/wp\/v2\/product_cat?post=989476"},{"taxonomy":"product_tag","embeddable":true,"href":"https:\/\/joieriasunyer.com\/ca\/wp-json\/wp\/v2\/product_tag?post=989476"}],"curies":[{"name":"wp","href":"https:\/\/api.w.org\/{rel}","templated":true}]}}