{"id":989480,"date":"2024-04-27T23:45:52","date_gmt":"2024-04-27T21:45:52","guid":{"rendered":"https:\/\/joieriasunyer.com\/producto\/arracades-goccia-dor-blanc-de-18k-amb-turmalina-rosa-i-onix\/"},"modified":"2025-02-03T08:57:57","modified_gmt":"2025-02-03T07:57:57","slug":"arracades-goccia-dor-blanc-de-18k-amb-turmalina-rosa-i-onix","status":"publish","type":"product","link":"https:\/\/joieriasunyer.com\/ca\/producto\/arracades-goccia-dor-blanc-de-18k-amb-turmalina-rosa-i-onix\/","title":{"rendered":"Arracades d&#8217;or blanc de 18K, cadascun amb una rubel\u00b7lita talla carr\u00e9 de 5&#215;5 mm, 4 rubel\u00b7lites talla carr\u00e9 de 4&#215;4 mm i un \u00f2nix talla pera corp\u00f2ria de 2.9&#215;10 mm. Tancament de pressi\u00f3 n\u00famero 5"},"content":{"rendered":"<div class=\"row\">\n<div class=\"col\">\n<ul class=\"arisua-attributes\">\n<li><span class=\"attribute-values color-principal\"><span class=\"label\">Color Principal:<\/span> Granat i rosa<\/span><\/li>\n<li>Materials: Or blanc, turmalina i \u00f2nix<\/li>\n<\/ul>\n<\/div>\n<\/div>\n","protected":false},"excerpt":{"rendered":"<p>Color Principal: Granat i rosa Materials: Or blanc, turmalina i \u00f2nix<\/p>\n","protected":false},"featured_media":988882,"comment_status":"closed","ping_status":"closed","template":"","meta":[],"product_brand":[],"product_cat":[293],"product_tag":[240],"class_list":{"0":"post-989480","1":"product","2":"type-product","3":"status-publish","4":"has-post-thumbnail","6":"product_cat-arracades","7":"product_tag-arracades","8":"pa_material-principal-or-blanc","9":"pa_tipo-de-piedra-rubellita","11":"first","12":"instock","13":"taxable","14":"shipping-taxable","15":"purchasable","16":"product-type-simple"},"_links":{"self":[{"href":"https:\/\/joieriasunyer.com\/ca\/wp-json\/wp\/v2\/product\/989480","targetHints":{"allow":["GET"]}}],"collection":[{"href":"https:\/\/joieriasunyer.com\/ca\/wp-json\/wp\/v2\/product"}],"about":[{"href":"https:\/\/joieriasunyer.com\/ca\/wp-json\/wp\/v2\/types\/product"}],"replies":[{"embeddable":true,"href":"https:\/\/joieriasunyer.com\/ca\/wp-json\/wp\/v2\/comments?post=989480"}],"wp:featuredmedia":[{"embeddable":true,"href":"https:\/\/joieriasunyer.com\/ca\/wp-json\/wp\/v2\/media\/988882"}],"wp:attachment":[{"href":"https:\/\/joieriasunyer.com\/ca\/wp-json\/wp\/v2\/media?parent=989480"}],"wp:term":[{"taxonomy":"product_brand","embeddable":true,"href":"https:\/\/joieriasunyer.com\/ca\/wp-json\/wp\/v2\/product_brand?post=989480"},{"taxonomy":"product_cat","embeddable":true,"href":"https:\/\/joieriasunyer.com\/ca\/wp-json\/wp\/v2\/product_cat?post=989480"},{"taxonomy":"product_tag","embeddable":true,"href":"https:\/\/joieriasunyer.com\/ca\/wp-json\/wp\/v2\/product_tag?post=989480"}],"curies":[{"name":"wp","href":"https:\/\/api.w.org\/{rel}","templated":true}]}}