{"id":990223,"date":"2024-10-16T14:25:34","date_gmt":"2024-10-16T12:25:34","guid":{"rendered":"https:\/\/joieriasunyer.com\/producto\/anell-or-groc-18-kt-fil-picat-amb-cabuixo-de-corall-momo-de-17-mm-i-4-diamants-talla-brillant-de-004-ct\/"},"modified":"2025-01-30T10:16:12","modified_gmt":"2025-01-30T09:16:12","slug":"anell-or-groc-18-kt-fil-picat-amb-cabuixo-de-corall-momo-de-17-mm-i-4-diamants-talla-brillant-de-004-ct","status":"publish","type":"product","link":"https:\/\/joieriasunyer.com\/ca\/producto\/anell-or-groc-18-kt-fil-picat-amb-cabuixo-de-corall-momo-de-17-mm-i-4-diamants-talla-brillant-de-004-ct\/","title":{"rendered":"Arracades d&#8217;or groc de 18K de fil picat, cadascun amb un capbuss\u00f3 de corall momo de 16 mm i 2 diamants talla brillant de 0,06 ct. Tancament omega"},"content":{"rendered":"<p>Descripci\u00f3 aqu\u00ed<\/p>\n","protected":false},"excerpt":{"rendered":"<p>Descripci\u00f3 aqu\u00ed<\/p>\n","protected":false},"featured_media":990221,"comment_status":"open","ping_status":"closed","template":"","meta":[],"product_brand":[],"product_cat":[293],"product_tag":[240],"class_list":{"0":"post-990223","1":"product","2":"type-product","3":"status-publish","4":"has-post-thumbnail","6":"product_cat-arracades","7":"product_tag-arracades","8":"pa_material-principal-or","9":"pa_tipo-de-piedra-coral-momo-ca","11":"first","12":"instock","13":"taxable","14":"shipping-taxable","15":"purchasable","16":"product-type-simple"},"_links":{"self":[{"href":"https:\/\/joieriasunyer.com\/ca\/wp-json\/wp\/v2\/product\/990223","targetHints":{"allow":["GET"]}}],"collection":[{"href":"https:\/\/joieriasunyer.com\/ca\/wp-json\/wp\/v2\/product"}],"about":[{"href":"https:\/\/joieriasunyer.com\/ca\/wp-json\/wp\/v2\/types\/product"}],"replies":[{"embeddable":true,"href":"https:\/\/joieriasunyer.com\/ca\/wp-json\/wp\/v2\/comments?post=990223"}],"wp:featuredmedia":[{"embeddable":true,"href":"https:\/\/joieriasunyer.com\/ca\/wp-json\/wp\/v2\/media\/990221"}],"wp:attachment":[{"href":"https:\/\/joieriasunyer.com\/ca\/wp-json\/wp\/v2\/media?parent=990223"}],"wp:term":[{"taxonomy":"product_brand","embeddable":true,"href":"https:\/\/joieriasunyer.com\/ca\/wp-json\/wp\/v2\/product_brand?post=990223"},{"taxonomy":"product_cat","embeddable":true,"href":"https:\/\/joieriasunyer.com\/ca\/wp-json\/wp\/v2\/product_cat?post=990223"},{"taxonomy":"product_tag","embeddable":true,"href":"https:\/\/joieriasunyer.com\/ca\/wp-json\/wp\/v2\/product_tag?post=990223"}],"curies":[{"name":"wp","href":"https:\/\/api.w.org\/{rel}","templated":true}]}}