{"id":991145,"date":"2024-10-17T10:12:06","date_gmt":"2024-10-17T08:12:06","guid":{"rendered":"https:\/\/joieriasunyer.com\/producto\/arracades-dor-blanc-de-18k-cadascun-amb-una-aiguamarina-talla-pera-plana-i-un-capbusso-tanca-de-pressio-numero-5\/"},"modified":"2025-01-29T10:36:58","modified_gmt":"2025-01-29T09:36:58","slug":"arracades-dor-blanc-de-18k-cadascun-amb-una-aiguamarina-talla-pera-plana-i-un-capbusso-tanca-de-pressio-numero-5","status":"publish","type":"product","link":"https:\/\/joieriasunyer.com\/ca\/producto\/arracades-dor-blanc-de-18k-cadascun-amb-una-aiguamarina-talla-pera-plana-i-un-capbusso-tanca-de-pressio-numero-5\/","title":{"rendered":"Arracades d&#8217;or blanc de 18K cadascun amb una aiguamarina talla pera plana i un capbuss\u00f3, tanca de pressi\u00f3 n\u00famero 5"},"content":{"rendered":"","protected":false},"excerpt":{"rendered":"","protected":false},"featured_media":990509,"comment_status":"open","ping_status":"closed","template":"","meta":[],"product_brand":[],"product_cat":[293],"product_tag":[240],"class_list":{"0":"post-991145","1":"product","2":"type-product","3":"status-publish","4":"has-post-thumbnail","6":"product_cat-arracades","7":"product_tag-arracades","8":"pa_material-principal-or-blanc","9":"pa_tipo-de-piedra-aguamarina-ca","11":"first","12":"instock","13":"taxable","14":"shipping-taxable","15":"purchasable","16":"product-type-simple"},"_links":{"self":[{"href":"https:\/\/joieriasunyer.com\/ca\/wp-json\/wp\/v2\/product\/991145","targetHints":{"allow":["GET"]}}],"collection":[{"href":"https:\/\/joieriasunyer.com\/ca\/wp-json\/wp\/v2\/product"}],"about":[{"href":"https:\/\/joieriasunyer.com\/ca\/wp-json\/wp\/v2\/types\/product"}],"replies":[{"embeddable":true,"href":"https:\/\/joieriasunyer.com\/ca\/wp-json\/wp\/v2\/comments?post=991145"}],"wp:featuredmedia":[{"embeddable":true,"href":"https:\/\/joieriasunyer.com\/ca\/wp-json\/wp\/v2\/media\/990509"}],"wp:attachment":[{"href":"https:\/\/joieriasunyer.com\/ca\/wp-json\/wp\/v2\/media?parent=991145"}],"wp:term":[{"taxonomy":"product_brand","embeddable":true,"href":"https:\/\/joieriasunyer.com\/ca\/wp-json\/wp\/v2\/product_brand?post=991145"},{"taxonomy":"product_cat","embeddable":true,"href":"https:\/\/joieriasunyer.com\/ca\/wp-json\/wp\/v2\/product_cat?post=991145"},{"taxonomy":"product_tag","embeddable":true,"href":"https:\/\/joieriasunyer.com\/ca\/wp-json\/wp\/v2\/product_tag?post=991145"}],"curies":[{"name":"wp","href":"https:\/\/api.w.org\/{rel}","templated":true}]}}