{"id":991163,"date":"2024-10-17T14:25:34","date_gmt":"2024-10-17T12:25:34","guid":{"rendered":"https:\/\/joieriasunyer.com\/producto\/arracades-dor-groc-de-18k-cadascuna-amb-un-corall-del-mediterrani-amb-forma-de-llagrima-corporia-tancament-de-pressio-numero-5\/"},"modified":"2025-01-29T10:37:04","modified_gmt":"2025-01-29T09:37:04","slug":"arracades-dor-groc-de-18k-cadascuna-amb-un-corall-del-mediterrani-amb-forma-de-llagrima-corporia-tancament-de-pressio-numero-5","status":"publish","type":"product","link":"https:\/\/joieriasunyer.com\/ca\/producto\/arracades-dor-groc-de-18k-cadascuna-amb-un-corall-del-mediterrani-amb-forma-de-llagrima-corporia-tancament-de-pressio-numero-5\/","title":{"rendered":"Arracades d&#8217;or groc de 18K cadascuna amb un corall del mediterrani amb forma de ll\u00e0grima corp\u00f2ria, tancament de pressi\u00f3 n\u00famero 5"},"content":{"rendered":"","protected":false},"excerpt":{"rendered":"","protected":false},"featured_media":990600,"comment_status":"open","ping_status":"closed","template":"","meta":[],"product_brand":[],"product_cat":[293],"product_tag":[240],"class_list":{"0":"post-991163","1":"product","2":"type-product","3":"status-publish","4":"has-post-thumbnail","6":"product_cat-arracades","7":"product_tag-arracades","9":"first","10":"instock","11":"taxable","12":"shipping-taxable","13":"purchasable","14":"product-type-simple"},"_links":{"self":[{"href":"https:\/\/joieriasunyer.com\/ca\/wp-json\/wp\/v2\/product\/991163","targetHints":{"allow":["GET"]}}],"collection":[{"href":"https:\/\/joieriasunyer.com\/ca\/wp-json\/wp\/v2\/product"}],"about":[{"href":"https:\/\/joieriasunyer.com\/ca\/wp-json\/wp\/v2\/types\/product"}],"replies":[{"embeddable":true,"href":"https:\/\/joieriasunyer.com\/ca\/wp-json\/wp\/v2\/comments?post=991163"}],"wp:featuredmedia":[{"embeddable":true,"href":"https:\/\/joieriasunyer.com\/ca\/wp-json\/wp\/v2\/media\/990600"}],"wp:attachment":[{"href":"https:\/\/joieriasunyer.com\/ca\/wp-json\/wp\/v2\/media?parent=991163"}],"wp:term":[{"taxonomy":"product_brand","embeddable":true,"href":"https:\/\/joieriasunyer.com\/ca\/wp-json\/wp\/v2\/product_brand?post=991163"},{"taxonomy":"product_cat","embeddable":true,"href":"https:\/\/joieriasunyer.com\/ca\/wp-json\/wp\/v2\/product_cat?post=991163"},{"taxonomy":"product_tag","embeddable":true,"href":"https:\/\/joieriasunyer.com\/ca\/wp-json\/wp\/v2\/product_tag?post=991163"}],"curies":[{"name":"wp","href":"https:\/\/api.w.org\/{rel}","templated":true}]}}